{"id":16,"date":"2018-12-10T12:58:56","date_gmt":"2018-12-10T11:58:56","guid":{"rendered":"http:\/\/sampleart.audio\/wordpress\/?page_id=16"},"modified":"2019-02-03T17:27:49","modified_gmt":"2019-02-03T16:27:49","slug":"impressum","status":"publish","type":"page","link":"https:\/\/sampleart.audio\/de\/impressum\/","title":{"rendered":"Impressum"},"content":{"rendered":"<h2>Impressum<\/h2>\n<h4>Angaben gem\u00e4\u00df \u00a7 5 TMG<\/h4>\n<p>SampleArt<br \/>\nSascha Waidmann<br \/>\nRauhwiesenstr. 9<br \/>\n73527 Schw\u00e4bisch Gm\u00fcnd<\/p>\n<h4>Kontakt<\/h4>\n<p>Telefon: +49 7361 8292017<br \/>\nE-Mail: info@sampleart.audio<\/p>\n<h4>Umsatzsteuer-ID<\/h4>\n<p>Umsatzsteuer-Identifikationsnummer gem\u00e4\u00df \u00a727 a Umsatzsteuergesetz:<br \/>\nDE232484334<\/p>\n<h4>Verantwortlich f\u00fcr den Inhalt nach \u00a7 55 Abs. 2 RStV<\/h4>\n<p>SampleArt<br \/>\nSascha Waidmann<br \/>\nRauhwiesenstr. 9<br \/>\n73527 Schw\u00e4bisch Gm\u00fcnd<\/p>\n<h4>Streitschlichtung<\/h4>\n<p>Die Europ\u00e4ische Kommission stellt eine Plattform zur Online-Streitbeilegung (OS) bereit: <a href=\"https:\/\/ec.europa.eu\/consumers\/odr\" target=\"_blank\" rel=\"noopener\">https:\/\/ec.europa.eu\/consumers\/odr<\/a>.<br \/>\nUnsere E-Mail-Adresse finden Sie oben im Impressum.<\/p>\n<p>Wir sind nicht bereit oder verpflichtet, an Streitbeilegungsverfahren vor einer Verbraucherschlichtungsstelle teilzunehmen.<\/p>\n","protected":false},"excerpt":{"rendered":"<p>Impressum Angaben gem\u00e4\u00df \u00a7 5 TMG SampleArt Sascha Waidmann Rauhwiesenstr. 9 73527 Schw\u00e4bisch Gm\u00fcnd Kontakt Telefon: +49 7361 8292017 E-Mail: info@sampleart.audio Umsatzsteuer-ID Umsatzsteuer-Identifikationsnummer gem\u00e4\u00df \u00a727 a Umsatzsteuergesetz: DE232484334 Verantwortlich f\u00fcr den Inhalt nach \u00a7 55 Abs. 2 RStV SampleArt Sascha Waidmann Rauhwiesenstr. 9 73527 Schw\u00e4bisch Gm\u00fcnd Streitschlichtung Die Europ\u00e4ische Kommission stellt eine Plattform zur Online-Streitbeilegung [&hellip;]<\/p>\n","protected":false},"author":1,"featured_media":0,"parent":0,"menu_order":8,"comment_status":"closed","ping_status":"closed","template":"","meta":{"footnotes":""},"class_list":["post-16","page","type-page","status-publish","hentry"],"_links":{"self":[{"href":"https:\/\/sampleart.audio\/de\/wp-json\/wp\/v2\/pages\/16","targetHints":{"allow":["GET"]}}],"collection":[{"href":"https:\/\/sampleart.audio\/de\/wp-json\/wp\/v2\/pages"}],"about":[{"href":"https:\/\/sampleart.audio\/de\/wp-json\/wp\/v2\/types\/page"}],"author":[{"embeddable":true,"href":"https:\/\/sampleart.audio\/de\/wp-json\/wp\/v2\/users\/1"}],"replies":[{"embeddable":true,"href":"https:\/\/sampleart.audio\/de\/wp-json\/wp\/v2\/comments?post=16"}],"version-history":[{"count":3,"href":"https:\/\/sampleart.audio\/de\/wp-json\/wp\/v2\/pages\/16\/revisions"}],"predecessor-version":[{"id":767,"href":"https:\/\/sampleart.audio\/de\/wp-json\/wp\/v2\/pages\/16\/revisions\/767"}],"wp:attachment":[{"href":"https:\/\/sampleart.audio\/de\/wp-json\/wp\/v2\/media?parent=16"}],"curies":[{"name":"wp","href":"https:\/\/api.w.org\/{rel}","templated":true}]}}