{"id":21,"date":"2018-12-10T12:58:57","date_gmt":"2018-12-10T11:58:57","guid":{"rendered":"http:\/\/sampleart.audio\/wordpress\/?page_id=21"},"modified":"2019-01-21T15:34:43","modified_gmt":"2019-01-21T14:34:43","slug":"zahlungsweisen","status":"publish","type":"page","link":"https:\/\/sampleart.audio\/de\/zahlungsweisen\/","title":{"rendered":"Zahlungsweisen"},"content":{"rendered":"<h1><strong>Zahlungsarten<\/strong><\/h1>\n<p>Wir bieten die nachfolgend genannten Zahlungsarten an. Suche einfach die f\u00fcr dich optimale Zahlart aus. Die in den jeweiligen Angeboten angef\u00fchrten Preise stellen Endpreise dar. Sie beinhalten alle Preisbestandteile einschlie\u00dflich etwaig anfallender Steuern wie Mehrwertsteuer. Nur bei grenz\u00fcberschreitender Lieferung k\u00f6nnen im Einzelfall weitere Steuern (z.B. im Falle eines innergemeinschaftlichen Erwerbs) und\/oder Abgaben (z.B. Z\u00f6lle) von dir zu zahlen sein, jedoch nicht an den Verk\u00e4ufer, sondern an die dort zust\u00e4ndigen Zoll- bzw. Steuerbeh\u00f6rden. F\u00fcr digitale Inhalte (E-Books, Software, etc.) fallen keine Versandkosten an.<\/p>\n<h2>PayPal<\/h2>\n<p>Bei uns kannst du ganz einfach mit deinem PayPal-Konto zahlen. W\u00e4hle an der Kasse einfach PayPal als Zahlungsmethode aus.<\/p>\n<h2>Klarna<\/h2>\n<p>Nach deiner Bestellung bekommst du eine separate E-Mail von unserem externen Finanzdienstleister Klarna. \u00dcberweise den Betrag bitte an die dort angegebene Kontoverbindung und beachte auch die weiteren Zahlungsmodalit\u00e4ten. Damit du diese Zahlungsvariante verwenden kannst, muss deine Rechnungsadresse mit der Versandadresse \u00fcbereinstimmen. Bitte beachte auch, dass Klarna bei Kauf auf Rechnung keine Firmenanschriften akzeptieren kann. F\u00fcr den Fall, dass du unbedingt eine Firmenanschrift angeben m\u00f6chtest, bitten wir dich, eine unserer anderen Zahlungsarten auszuw\u00e4hlen.<\/p>\n<h2>Vorkasse<\/h2>\n<p>Bitte \u00fcberweise den Gesamtbetrag deiner Bestellung auf unser Konto:<\/p>\n<p>Kontoinhaber: SampleArt<br \/>\nKreditinstitut: Kreissparkasse Ostalb<br \/>\nIBAN: DE42 6145 0050 0800 1558 18<br \/>\nBIC \/ SWIFT: OASPDE6AXXX<\/p>\n","protected":false},"excerpt":{"rendered":"<p>Zahlungsarten Wir bieten die nachfolgend genannten Zahlungsarten an. Suche einfach die f\u00fcr dich optimale Zahlart aus. Die in den jeweiligen Angeboten angef\u00fchrten Preise stellen Endpreise dar. Sie beinhalten alle Preisbestandteile einschlie\u00dflich etwaig anfallender Steuern wie Mehrwertsteuer. Nur bei grenz\u00fcberschreitender Lieferung k\u00f6nnen im Einzelfall weitere Steuern (z.B. im Falle eines innergemeinschaftlichen Erwerbs) und\/oder Abgaben (z.B. Z\u00f6lle) [&hellip;]<\/p>\n","protected":false},"author":1,"featured_media":0,"parent":0,"menu_order":15,"comment_status":"closed","ping_status":"closed","template":"","meta":{"footnotes":""},"class_list":["post-21","page","type-page","status-publish","hentry"],"_links":{"self":[{"href":"https:\/\/sampleart.audio\/de\/wp-json\/wp\/v2\/pages\/21","targetHints":{"allow":["GET"]}}],"collection":[{"href":"https:\/\/sampleart.audio\/de\/wp-json\/wp\/v2\/pages"}],"about":[{"href":"https:\/\/sampleart.audio\/de\/wp-json\/wp\/v2\/types\/page"}],"author":[{"embeddable":true,"href":"https:\/\/sampleart.audio\/de\/wp-json\/wp\/v2\/users\/1"}],"replies":[{"embeddable":true,"href":"https:\/\/sampleart.audio\/de\/wp-json\/wp\/v2\/comments?post=21"}],"version-history":[{"count":4,"href":"https:\/\/sampleart.audio\/de\/wp-json\/wp\/v2\/pages\/21\/revisions"}],"predecessor-version":[{"id":834,"href":"https:\/\/sampleart.audio\/de\/wp-json\/wp\/v2\/pages\/21\/revisions\/834"}],"wp:attachment":[{"href":"https:\/\/sampleart.audio\/de\/wp-json\/wp\/v2\/media?parent=21"}],"curies":[{"name":"wp","href":"https:\/\/api.w.org\/{rel}","templated":true}]}}